{"id":65,"date":"2024-03-18T03:46:32","date_gmt":"2024-03-18T02:46:32","guid":{"rendered":"http:\/\/www.velcius.fr\/?page_id=65"},"modified":"2024-03-20T01:49:16","modified_gmt":"2024-03-20T00:49:16","slug":"formations","status":"publish","type":"page","link":"https:\/\/www.velcius.fr\/index.php\/formations\/","title":{"rendered":"Formations"},"content":{"rendered":"\n<h3 class=\"wp-block-heading has-black-color has-text-color has-link-color wp-elements-a82fd81df8c8036b2283c405f039556a\">Quels sont les facteurs les plus importants pour une progression de carri\u00e8re rapide et une vie professionnelle \u00e9panouie ?<\/h3>\n\n\n\n<p class=\"has-contrast-dark-color has-text-color has-link-color wp-elements-8bf7ad8b213c8586f71b70a98c6765c7\">Pour y r\u00e9pondre, je vous ai pr\u00e9par\u00e9 ce que j\u2019aurais r\u00eav\u00e9 d\u2019avoir : une compilation des meilleures pratiques et recommandations pour acc\u00e9l\u00e9rer votre carri\u00e8re.&nbsp;<\/p>\n\n\n\n<div class=\"wp-block-kadence-advancedbtn kb-buttons-wrap kb-btns65_12c91f-24\"><a class=\"kb-button kt-button button kb-btn65_674191-25 kt-btn-size-standard kt-btn-width-type-auto kb-btn-global-outline kt-btn-has-text-true kt-btn-has-svg-false wp-block-kadence-singlebtn\" href=\"https:\/\/courses.ayntl.com\"><span class=\"kt-btn-inner-text\">Acc\u00e8s aux formations<\/span><\/a><\/div>\n\n\n\n<p class=\"has-contrast-dark-color has-text-color has-link-color wp-elements-cd4160837c03583a4dd8ef5fbfcb5950\">La plupart des gens n\u2019investissent pas, ou trop peu, dans leur d\u00e9veloppement. Pourtant, il n\u2019y a pas de meilleur retour sur investissement! Se d\u00e9velopper, c\u2019est \u00eatre capable de faire plus de choses, mieux et \u00e0 moindre effort. Et \u00e7a, m\u00eame si vous ne voulez pas doubler vos revenus, ou devenir cadre dirigeant, \u00e7a vous sera utile pour acc\u00e9der \u00e0 une plus grande vari\u00e9t\u00e9 d\u2019opportunit\u00e9s. Il se trouve que, m\u00eame si vous ne le souhaitiez pas, \u00e7a vous augmentera naturellement vos revenus\u2026 Retour sur investissement garanti.<\/p>\n\n\n\n<p class=\"has-contrast-dark-color has-text-color has-link-color wp-elements-2a86c78a280dec9b0d7f3a9bde59fdfc\">Si vous comprenez l\u2019anglais et souhaitez en savoir plus, acc\u00e9dez ici \u00e0 ma formation \u00ab&nbsp;Boost your career&nbsp;\u00bb et aux t\u00e9moignages des professionnels qui l\u2019ont suivie.<\/p>\n\n\n\n<div class=\"wp-block-kadence-advancedbtn kb-buttons-wrap kb-btns65_84eb7c-e2\"><a class=\"kb-button kt-button button kb-btn65_51801e-15 kt-btn-size-standard kt-btn-width-type-auto kb-btn-global-outline kt-btn-has-text-true kt-btn-has-svg-false wp-block-kadence-singlebtn\" href=\"https:\/\/courses.ayntl.com\/courses\/boost-your-career\"><span class=\"kt-btn-inner-text\">Formation &#8220;Boost your career&#8221;<\/span><\/a><\/div>\n\n\n\n<p class=\"has-contrast-dark-color has-text-color has-link-color wp-elements-b5340dc190e6ada30cf862f83bbb810e\">Si vous souhaitez b\u00e9n\u00e9ficier de mon exp\u00e9rience de\u00a0<strong>change management<\/strong>\u00a0et de\u00a0<strong>pilotage du syst\u00e8me d\u2019excellence<\/strong>\u00a0d\u2019une des plus grandes soci\u00e9t\u00e9s au monde, cliquez ici :<\/p>\n\n\n\n<div class=\"wp-block-kadence-advancedbtn kb-buttons-wrap kb-btns65_a1fd2f-4e\"><a class=\"kb-button kt-button button kb-btn65_36e295-d8 kt-btn-size-standard kt-btn-width-type-auto kb-btn-global-outline kt-btn-has-text-true kt-btn-has-svg-false wp-block-kadence-singlebtn\" href=\"https:\/\/courses.ayntl.com\/courses\/opex\"><span class=\"kt-btn-inner-text\">Formation &#8220;pilotage du syst\u00e8me d\u2019excellence&#8221;<\/span><\/a><\/div>\n\n\n\n<p class=\"has-contrast-dark-color has-text-color has-link-color wp-elements-4f32e3a0fb4c783d414e085a41a3310f\">Si vous souhaitez am\u00e9liorer votre\u00a0<strong>gestion du temps<\/strong>, je vous ai concentr\u00e9 les meilleures pratiques (et les choses \u00e0 arr\u00eater de faire !) ici :<\/p>\n\n\n\n<div class=\"wp-block-kadence-advancedbtn kb-buttons-wrap kb-btns65_1a9235-40\"><a class=\"kb-button kt-button button kb-btn65_d615ea-64 kt-btn-size-standard kt-btn-width-type-auto kb-btn-global-outline kt-btn-has-text-true kt-btn-has-svg-false wp-block-kadence-singlebtn\" href=\"https:\/\/courses.ayntl.com\/courses\/gestion-du-temps\"><span class=\"kt-btn-inner-text\">Formation &#8220;gestion du temps&#8221;<\/span><\/a><\/div>\n","protected":false},"excerpt":{"rendered":"<p>Quels sont les facteurs les plus importants pour une progression de carri\u00e8re rapide et une vie professionnelle \u00e9panouie ? Pour y r\u00e9pondre, je vous ai pr\u00e9par\u00e9 ce que j\u2019aurais r\u00eav\u00e9 d\u2019avoir : une compilation des meilleures pratiques et recommandations pour acc\u00e9l\u00e9rer votre carri\u00e8re.&nbsp; La plupart des gens n\u2019investissent pas, ou trop peu, dans leur d\u00e9veloppement. [&hellip;]<\/p>\n","protected":false},"author":1,"featured_media":0,"parent":0,"menu_order":0,"comment_status":"closed","ping_status":"closed","template":"","meta":{"footnotes":""},"class_list":["post-65","page","type-page","status-publish","hentry"],"_links":{"self":[{"href":"https:\/\/www.velcius.fr\/index.php\/wp-json\/wp\/v2\/pages\/65","targetHints":{"allow":["GET"]}}],"collection":[{"href":"https:\/\/www.velcius.fr\/index.php\/wp-json\/wp\/v2\/pages"}],"about":[{"href":"https:\/\/www.velcius.fr\/index.php\/wp-json\/wp\/v2\/types\/page"}],"author":[{"embeddable":true,"href":"https:\/\/www.velcius.fr\/index.php\/wp-json\/wp\/v2\/users\/1"}],"replies":[{"embeddable":true,"href":"https:\/\/www.velcius.fr\/index.php\/wp-json\/wp\/v2\/comments?post=65"}],"version-history":[{"count":7,"href":"https:\/\/www.velcius.fr\/index.php\/wp-json\/wp\/v2\/pages\/65\/revisions"}],"predecessor-version":[{"id":184,"href":"https:\/\/www.velcius.fr\/index.php\/wp-json\/wp\/v2\/pages\/65\/revisions\/184"}],"wp:attachment":[{"href":"https:\/\/www.velcius.fr\/index.php\/wp-json\/wp\/v2\/media?parent=65"}],"curies":[{"name":"wp","href":"https:\/\/api.w.org\/{rel}","templated":true}]}}