{"id":28,"date":"2024-03-15T01:34:15","date_gmt":"2024-03-15T00:34:15","guid":{"rendered":"http:\/\/www.velcius.fr\/?page_id=28"},"modified":"2024-03-20T01:48:29","modified_gmt":"2024-03-20T00:48:29","slug":"coaching","status":"publish","type":"page","link":"https:\/\/www.velcius.fr\/index.php\/coaching\/","title":{"rendered":"Coaching"},"content":{"rendered":"\n<p class=\"has-contrast-dark-color has-text-color has-link-color wp-elements-ac6c57c15d578e32f8270fd52cc0b64c\">Tous les sportifs de haut niveau ont recours \u00e0 des coachs. Et il en est de m\u00eame pour une grande partie des cadres dirigeants dans un environnement complexe. Ce n\u2019est pas un hasard: le coaching permet de prendre du recul, mieux se comprendre et travailler sur des axes de d\u00e9veloppement pertinents. C\u2019est un moyen tr\u00e8s efficace pour progresser rapidement.<\/p>\n\n\n\n<div class=\"wp-block-kadence-countup kb-count-up-28_b86b35-17 kb-count-up\" data-start=\"0\" data-end=\"3\" data-prefix=\"\" data-suffix=\"\" data-duration=\"2.5\" data-separator=\"\"><div class=\"kb-count-up-process kb-count-up-number\"><\/div><div class=\"kb-count-up-title\">Formules<\/div><\/div>\n\n\n\n<p class=\"has-contrast-dark-color has-text-color has-link-color wp-elements-64119e6436c4d9aefb6a9f9842b88799\">AYNTL vous propose 3 formules de coaching autour du leadership et de la prise de parole en public :<\/p>\n\n\n\n<div class=\"wp-block-kadence-column kadence-column28_959ecf-7b\"><div class=\"kt-inside-inner-col\">\n<div class=\"wp-block-kadence-column kadence-column28_bbe0de-22\"><div class=\"kt-inside-inner-col\">\n<div class=\"wp-block-columns is-layout-flex wp-container-core-columns-is-layout-28f84493 wp-block-columns-is-layout-flex\">\n<div class=\"wp-block-column is-layout-flow wp-block-column-is-layout-flow\">\n<div class=\"wp-block-kadence-accordion alignnone\"><div class=\"kt-accordion-wrap kt-accordion-id28_e61008-c9 kt-accordion-has-2-panes kt-active-pane-0 kt-accordion-block kt-pane-header-alignment-left kt-accodion-icon-style-basic kt-accodion-icon-side-right\" style=\"max-width:none\"><div class=\"kt-accordion-inner-wrap\" data-allow-multiple-open=\"true\" data-start-open=\"none\">\n<div class=\"wp-block-kadence-pane kt-accordion-pane kt-accordion-pane-1 kt-pane28_1b52ee-7f\"><div class=\"kt-accordion-header-wrap\"><button class=\"kt-blocks-accordion-header kt-acccordion-button-label-show\"><span class=\"kt-blocks-accordion-title-wrap\"><span class=\"kt-blocks-accordion-title\"><strong>Coaching Approfondi<\/strong> : Gagnez en clart\u00e9 et obtenez des r\u00e9sultats durables<\/span><\/span><span class=\"kt-blocks-accordion-icon-trigger\"><\/span><\/button><\/div><div class=\"kt-accordion-panel kt-accordion-panel-hidden\"><div class=\"kt-accordion-panel-inner\">\n<p class=\"has-contrast-dark-color has-text-color has-link-color wp-elements-50a4323725968e7578b8addaaf87714a\">6 \u00e0 10 s\u00e9ances de coaching sur 3 \u00e0 6 mois. Un programme personnalis\u00e9 avec exercices quotidiens et hebdomadaires pour d\u00e9velopper les \u00ab\u00a0muscles\u00a0\u00bb dont vous avez besoin.<\/p>\n<\/div><\/div><\/div>\n<\/div><\/div><\/div>\n<\/div>\n\n\n\n<div class=\"wp-block-column is-layout-flow wp-block-column-is-layout-flow\">\n<div class=\"wp-block-kadence-accordion alignnone\"><div class=\"kt-accordion-wrap kt-accordion-id28_498556-58 kt-accordion-has-2-panes kt-active-pane-0 kt-accordion-block kt-pane-header-alignment-left kt-accodion-icon-style-basic kt-accodion-icon-side-right\" style=\"max-width:none\"><div class=\"kt-accordion-inner-wrap\" data-allow-multiple-open=\"true\" data-start-open=\"none\">\n<div class=\"wp-block-kadence-pane kt-accordion-pane kt-accordion-pane-1 kt-pane28_282e22-de\"><div class=\"kt-accordion-header-wrap\"><button class=\"kt-blocks-accordion-header kt-acccordion-button-label-show\"><span class=\"kt-blocks-accordion-title-wrap\"><span class=\"kt-blocks-accordion-title\"><strong>Coaching Flash<\/strong>\u00a0: Gagnez du temps sur un sujet sp\u00e9cifique\u00a0<\/span><\/span><span class=\"kt-blocks-accordion-icon-trigger\"><\/span><\/button><\/div><div class=\"kt-accordion-panel kt-accordion-panel-hidden\"><div class=\"kt-accordion-panel-inner\">\n<p class=\"has-contrast-dark-color has-text-color has-link-color wp-elements-ba24fb0b28b3a6022fdf2724227714ee\">1 \u00e0 2 sessions pour adresser vos questions et vous aider \u00e0 identifier ce qui vous sera le plus b\u00e9n\u00e9fique.<\/p>\n<\/div><\/div><\/div>\n<\/div><\/div><\/div>\n<\/div>\n\n\n\n<div class=\"wp-block-column is-layout-flow wp-block-column-is-layout-flow\">\n<div class=\"wp-block-kadence-accordion alignnone\"><div class=\"kt-accordion-wrap kt-accordion-id28_c2bac4-36 kt-accordion-has-2-panes kt-active-pane-0 kt-accordion-block kt-pane-header-alignment-left kt-accodion-icon-style-basic kt-accodion-icon-side-right\" style=\"max-width:none\"><div class=\"kt-accordion-inner-wrap\" data-allow-multiple-open=\"true\" data-start-open=\"none\">\n<div class=\"wp-block-kadence-pane kt-accordion-pane kt-accordion-pane-1 kt-pane28_660163-6a\"><div class=\"kt-accordion-header-wrap\"><button class=\"kt-blocks-accordion-header kt-acccordion-button-label-show\"><span class=\"kt-blocks-accordion-title-wrap\"><span class=\"kt-blocks-accordion-title\"><strong>Pr\u00e9paration de discours<\/strong> : Augmentez l&#8217;impact de votre discours\u00a0<\/span><\/span><span class=\"kt-blocks-accordion-icon-trigger\"><\/span><\/button><\/div><div class=\"kt-accordion-panel kt-accordion-panel-hidden\"><div class=\"kt-accordion-panel-inner\">\n<p class=\"has-contrast-dark-color has-text-color has-link-color wp-elements-e47922f2ead758eb88fd5a642052dbf5\">2 \u00e0 4 sessions pour am\u00e9liorer votre discours, et travailler votre \u00e9loquence.&nbsp;<\/p>\n<\/div><\/div><\/div>\n<\/div><\/div><\/div>\n<\/div>\n<\/div>\n<\/div><\/div>\n<\/div><\/div>\n","protected":false},"excerpt":{"rendered":"<p>Tous les sportifs de haut niveau ont recours \u00e0 des coachs. Et il en est de m\u00eame pour une grande partie des cadres dirigeants dans un environnement complexe. Ce n\u2019est pas un hasard: le coaching permet de prendre du recul, mieux se comprendre et travailler sur des axes de d\u00e9veloppement pertinents. C\u2019est un moyen tr\u00e8s [&hellip;]<\/p>\n","protected":false},"author":1,"featured_media":0,"parent":0,"menu_order":0,"comment_status":"closed","ping_status":"closed","template":"","meta":{"footnotes":""},"class_list":["post-28","page","type-page","status-publish","hentry"],"_links":{"self":[{"href":"https:\/\/www.velcius.fr\/index.php\/wp-json\/wp\/v2\/pages\/28","targetHints":{"allow":["GET"]}}],"collection":[{"href":"https:\/\/www.velcius.fr\/index.php\/wp-json\/wp\/v2\/pages"}],"about":[{"href":"https:\/\/www.velcius.fr\/index.php\/wp-json\/wp\/v2\/types\/page"}],"author":[{"embeddable":true,"href":"https:\/\/www.velcius.fr\/index.php\/wp-json\/wp\/v2\/users\/1"}],"replies":[{"embeddable":true,"href":"https:\/\/www.velcius.fr\/index.php\/wp-json\/wp\/v2\/comments?post=28"}],"version-history":[{"count":16,"href":"https:\/\/www.velcius.fr\/index.php\/wp-json\/wp\/v2\/pages\/28\/revisions"}],"predecessor-version":[{"id":183,"href":"https:\/\/www.velcius.fr\/index.php\/wp-json\/wp\/v2\/pages\/28\/revisions\/183"}],"wp:attachment":[{"href":"https:\/\/www.velcius.fr\/index.php\/wp-json\/wp\/v2\/media?parent=28"}],"curies":[{"name":"wp","href":"https:\/\/api.w.org\/{rel}","templated":true}]}}