{"id":23,"date":"2024-03-15T02:03:22","date_gmt":"2024-03-15T01:03:22","guid":{"rendered":"http:\/\/www.velcius.fr\/?page_id=23"},"modified":"2024-03-15T02:04:11","modified_gmt":"2024-03-15T01:04:11","slug":"blog","status":"publish","type":"page","link":"https:\/\/www.velcius.fr\/index.php\/blog\/","title":{"rendered":"Blog"},"content":{"rendered":"\n<p class=\"has-superbfont-small-font-size\">Pour acc\u00e9dez \u00e0 des dizaines de vid\u00e9os gratuites et vous donner des id\u00e9es pour progresser plus vite, abonnez-vous \u00e0 ma cha\u00eene YouTube :&nbsp;<a href=\"https:\/\/www.youtube.com\/channel\/UCPuQqXuqaSLx7hgQVH-S2Sg\/?sub_confirmation=1\">AYNTL \u2013 All You Need To Lead en cliquant ici<\/a>.<\/p>\n\n\n\n<div style=\"height:16px\" aria-hidden=\"true\" class=\"wp-block-spacer\"><\/div>\n\n\n\n<figure class=\"wp-block-embed is-type-video is-provider-youtube wp-block-embed-youtube wp-embed-aspect-16-9 wp-has-aspect-ratio\"><div class=\"wp-block-embed__wrapper\">\n<iframe title=\"Bienvenue \u00e0 All You Need To Lead!\" width=\"500\" height=\"281\" src=\"https:\/\/www.youtube.com\/embed\/sRF7-oDERBk?feature=oembed\" frameborder=\"0\" allow=\"accelerometer; autoplay; clipboard-write; encrypted-media; gyroscope; picture-in-picture; web-share\" referrerpolicy=\"strict-origin-when-cross-origin\" allowfullscreen><\/iframe>\n<\/div><\/figure>\n","protected":false},"excerpt":{"rendered":"<p>Pour acc\u00e9dez \u00e0 des dizaines de vid\u00e9os gratuites et vous donner des id\u00e9es pour progresser plus vite, abonnez-vous \u00e0 ma cha\u00eene YouTube :&nbsp;AYNTL \u2013 All You Need To Lead en cliquant ici.<\/p>\n","protected":false},"author":1,"featured_media":0,"parent":0,"menu_order":0,"comment_status":"closed","ping_status":"closed","template":"","meta":{"footnotes":""},"class_list":["post-23","page","type-page","status-publish","hentry"],"_links":{"self":[{"href":"https:\/\/www.velcius.fr\/index.php\/wp-json\/wp\/v2\/pages\/23","targetHints":{"allow":["GET"]}}],"collection":[{"href":"https:\/\/www.velcius.fr\/index.php\/wp-json\/wp\/v2\/pages"}],"about":[{"href":"https:\/\/www.velcius.fr\/index.php\/wp-json\/wp\/v2\/types\/page"}],"author":[{"embeddable":true,"href":"https:\/\/www.velcius.fr\/index.php\/wp-json\/wp\/v2\/users\/1"}],"replies":[{"embeddable":true,"href":"https:\/\/www.velcius.fr\/index.php\/wp-json\/wp\/v2\/comments?post=23"}],"version-history":[{"count":4,"href":"https:\/\/www.velcius.fr\/index.php\/wp-json\/wp\/v2\/pages\/23\/revisions"}],"predecessor-version":[{"id":168,"href":"https:\/\/www.velcius.fr\/index.php\/wp-json\/wp\/v2\/pages\/23\/revisions\/168"}],"wp:attachment":[{"href":"https:\/\/www.velcius.fr\/index.php\/wp-json\/wp\/v2\/media?parent=23"}],"curies":[{"name":"wp","href":"https:\/\/api.w.org\/{rel}","templated":true}]}}