{"id":103,"date":"2024-03-18T04:00:17","date_gmt":"2024-03-18T03:00:17","guid":{"rendered":"http:\/\/www.velcius.fr\/?page_id=103"},"modified":"2024-03-19T16:06:03","modified_gmt":"2024-03-19T15:06:03","slug":"a-propos","status":"publish","type":"page","link":"https:\/\/www.velcius.fr\/index.php\/a-propos\/","title":{"rendered":"\u00c0 propos"},"content":{"rendered":"\n<p class=\"has-contrast-dark-color has-text-color has-link-color wp-elements-c4eadbd713af363e7c5f7549d0da6bad\">AYNTL \u2013 All You Need To Lead aide les professionnels ambitieux \u00e0 progresser plus vite et r\u00e9ussir dans leurs r\u00f4les de direction g\u00e9n\u00e9rale.&nbsp;<\/p>\n\n\n\n<p class=\"has-contrast-dark-color has-text-color has-link-color has-superbfont-xsmall-font-size wp-elements-1c48da60310a678c460956abd2fbbb73\">Son fondateur et dirigeant, Ja\u00e2far Tabi, est&nbsp;<strong>expert en leadership et d\u00e9veloppement personnel<\/strong>&nbsp;et est&nbsp;<strong>coach certifi\u00e9 d\u2019Integral Coaching Canada<\/strong>. Il est \u00e9galement dipl\u00f4m\u00e9 de l\u2019<strong>Ecole Centrale Paris<\/strong>&nbsp;(ing\u00e9nieur g\u00e9n\u00e9raliste) et d\u2019<strong>Harvard Business School<\/strong>&nbsp;(finance).<\/p>\n\n\n\n<div class=\"wp-block-kadence-image kb-image103_003712-92\"><figure class=\"aligncenter size-thumbnail\"><img decoding=\"async\" width=\"150\" height=\"150\" src=\"http:\/\/www.velcius.fr\/wp-content\/uploads\/2024\/03\/Jaafar-TABI-edited-150x150.jpeg\" alt=\"\" class=\"kb-img wp-image-54\" srcset=\"https:\/\/www.velcius.fr\/wp-content\/uploads\/2024\/03\/Jaafar-TABI-edited-150x150.jpeg 150w, https:\/\/www.velcius.fr\/wp-content\/uploads\/2024\/03\/Jaafar-TABI-edited-300x300.jpeg 300w, https:\/\/www.velcius.fr\/wp-content\/uploads\/2024\/03\/Jaafar-TABI-edited.jpeg 548w\" sizes=\"(max-width: 150px) 100vw, 150px\" \/><figcaption>Ja\u00e2far TABI<\/figcaption><\/figure><\/div>\n\n\n\n<h2 class=\"wp-block-heading\">Riche exp\u00e9rience en direction g\u00e9n\u00e9rale<\/h2>\n\n\n\n<p class=\"has-contrast-dark-color has-text-color has-link-color has-superbfont-xsmall-font-size wp-elements-4a1963b31a29f43f52d8e3a4fbddf106\">Bien que le coaching soit sa passion, Ja\u00e2far est d\u2019abord un cadre dirigeant dans un grand groupe. Son exp\u00e9rience lui permet d\u2019avoir une excellente compr\u00e9hension des enjeux business et des meilleures pratiques pour \u00e9voluer rapidement. Ses pratiques lui ont permis de manager plus de 700 personnes \u00e0 l\u2019\u00e2ge de 33 ans et devenir l\u2019un des plus jeunes vice-pr\u00e9sidents de son groupe, soci\u00e9t\u00e9 du CAC40. Il est actuellement le directeur g\u00e9n\u00e9ral d\u2019une soci\u00e9t\u00e9 de plusieurs centaines de millions d\u2019euros, class\u00e9e 1\u00e8re de sa cat\u00e9gorie en termes de performance et satisfaction client.<\/p>\n\n\n\n<h2 class=\"wp-block-heading\">Passion et comp\u00e9tence en coaching<\/h2>\n\n\n\n<p class=\"has-contrast-dark-color has-text-color has-link-color has-superbfont-xsmall-font-size wp-elements-802dedfa6fec48c1cb006a223a207a72\">En parall\u00e8le de sa carri\u00e8re, Ja\u00e2far a accompagn\u00e9 de nombreux professionnels dans leur transition vers des r\u00f4les de leadership ou de direction g\u00e9n\u00e9rale. Quelques sujets fr\u00e9quemment adress\u00e9s lors des sessions de coaching :<\/p>\n\n\n\n<div class=\"wp-block-kadence-iconlist kt-svg-icon-list-items kt-svg-icon-list-items103_68808c-dd kt-svg-icon-list-columns-1 alignnone\"><ul class=\"kt-svg-icon-list\">\n<li class=\"wp-block-kadence-listitem kt-svg-icon-list-item-wrap kt-svg-icon-list-item-103_a67b92-de\"><span class=\"kb-svg-icon-wrap kb-svg-icon-fas_caret-right kt-svg-icon-list-single\"><svg viewBox=\"0 0 192 512\"  fill=\"currentColor\" xmlns=\"http:\/\/www.w3.org\/2000\/svg\"  aria-hidden=\"true\"><path d=\"M0 384.662V127.338c0-17.818 21.543-26.741 34.142-14.142l128.662 128.662c7.81 7.81 7.81 20.474 0 28.284L34.142 398.804C21.543 411.404 0 402.48 0 384.662z\"\/><\/svg><\/span><span class=\"kt-svg-icon-list-text\">Quelles comp\u00e9tences dois-je d\u00e9velopper pour acc\u00e9der \u00e0 plus de responsabilit\u00e9, et comment progresser plus vite ?<\/span><\/li>\n\n\n\n<li class=\"wp-block-kadence-listitem kt-svg-icon-list-item-wrap kt-svg-icon-list-item-103_8721c4-8e\"><span class=\"kb-svg-icon-wrap kb-svg-icon-fas_caret-right kt-svg-icon-list-single\"><svg viewBox=\"0 0 192 512\"  fill=\"currentColor\" xmlns=\"http:\/\/www.w3.org\/2000\/svg\"  aria-hidden=\"true\"><path d=\"M0 384.662V127.338c0-17.818 21.543-26.741 34.142-14.142l128.662 128.662c7.81 7.81 7.81 20.474 0 28.284L34.142 398.804C21.543 411.404 0 402.48 0 384.662z\"\/><\/svg><\/span><span class=\"kt-svg-icon-list-text\">Comment devenir un leaders plus inspirant ?<\/span><\/li>\n\n\n\n<li class=\"wp-block-kadence-listitem kt-svg-icon-list-item-wrap kt-svg-icon-list-item-103_32c341-37\"><span class=\"kb-svg-icon-wrap kb-svg-icon-fas_caret-right kt-svg-icon-list-single\"><svg viewBox=\"0 0 192 512\"  fill=\"currentColor\" xmlns=\"http:\/\/www.w3.org\/2000\/svg\"  aria-hidden=\"true\"><path d=\"M0 384.662V127.338c0-17.818 21.543-26.741 34.142-14.142l128.662 128.662c7.81 7.81 7.81 20.474 0 28.284L34.142 398.804C21.543 411.404 0 402.48 0 384.662z\"\/><\/svg><\/span><span class=\"kt-svg-icon-list-text\">Comment continuer \u00e0 progresser tout en ayant une vie \u00e9quilibr\u00e9e ?<\/span><\/li>\n\n\n\n<li class=\"wp-block-kadence-listitem kt-svg-icon-list-item-wrap kt-svg-icon-list-item-103_4e7132-b6\"><span class=\"kb-svg-icon-wrap kb-svg-icon-fas_caret-right kt-svg-icon-list-single\"><svg viewBox=\"0 0 192 512\"  fill=\"currentColor\" xmlns=\"http:\/\/www.w3.org\/2000\/svg\"  aria-hidden=\"true\"><path d=\"M0 384.662V127.338c0-17.818 21.543-26.741 34.142-14.142l128.662 128.662c7.81 7.81 7.81 20.474 0 28.284L34.142 398.804C21.543 411.404 0 402.48 0 384.662z\"\/><\/svg><\/span><span class=\"kt-svg-icon-list-text\">Comment am\u00e9liorer mon impact sur le business et sur les personnes ?<\/span><\/li>\n\n\n\n<li class=\"wp-block-kadence-listitem kt-svg-icon-list-item-wrap kt-svg-icon-list-item-103_3c5d71-8c\"><span class=\"kb-svg-icon-wrap kb-svg-icon-fas_caret-right kt-svg-icon-list-single\"><svg viewBox=\"0 0 192 512\"  fill=\"currentColor\" xmlns=\"http:\/\/www.w3.org\/2000\/svg\"  aria-hidden=\"true\"><path d=\"M0 384.662V127.338c0-17.818 21.543-26.741 34.142-14.142l128.662 128.662c7.81 7.81 7.81 20.474 0 28.284L34.142 398.804C21.543 411.404 0 402.48 0 384.662z\"\/><\/svg><\/span><span class=\"kt-svg-icon-list-text\">J\u2019ai plusieurs ann\u00e9es d\u2019exp\u00e9rience, et me pose des questions sur la suite. Comment construire une carri\u00e8re qui me satisfasse plus ?<\/span><\/li>\n<\/ul><\/div>\n\n\n\n<h2 class=\"wp-block-heading\">Expertise en prise de parole en Public<\/h2>\n\n\n\n<p class=\"has-contrast-dark-color has-text-color has-link-color has-superbfont-xsmall-font-size wp-elements-62a29934a3670c0fd324ece1a08aa7c6\">Ja\u00e2far a \u00e9tudi\u00e9 les meilleures pratiques des experts en communication, et les a mises en pratique lors de concours d\u2019art oratoire de Toastmasters International. En 2018, Ja\u00e2far a \u00e9t\u00e9 sacr\u00e9 Vice Champion d\u2019Europe d\u2019\u00e9loquence en Fran\u00e7ais. En 2021, il est champion de France et se qualifie pour les quarts de finale du Toastmasters International Public Speaking World Championship (Championnat du monde d\u2019\u00e9loquence; discours en anglais).<\/p>\n\n\n\n<h2 class=\"wp-block-heading\">Entre autre choses\u2026<\/h2>\n\n\n\n<div class=\"wp-block-kadence-column kadence-column103_0af1cb-e2\"><div class=\"kt-inside-inner-col\"><div class=\"kb-row-layout-wrap kb-row-layout-id103_b6d7b5-63 alignnone wp-block-kadence-rowlayout\"><div class=\"kt-row-column-wrap kt-has-2-columns kt-row-layout-equal kt-tab-layout-inherit kt-mobile-layout-row kt-row-valign-top\">\n\n<div class=\"wp-block-kadence-column kadence-column103_80f0fc-df\"><div class=\"kt-inside-inner-col\">\n<div class=\"wp-block-kadence-countup kb-count-up-103_61f2e5-10 kb-count-up\" data-start=\"0\" data-end=\"1700\" data-prefix=\"\" data-suffix=\"\" data-duration=\"2.5\" data-separator=\"\"><div class=\"kb-count-up-process kb-count-up-number\"><\/div><div class=\"kb-count-up-title\">\u00c9tudiants<\/div><\/div>\n<\/div><\/div>\n\n\n\n<div class=\"wp-block-kadence-column kadence-column103_b04924-2f\"><div class=\"kt-inside-inner-col\">\n<div class=\"wp-block-kadence-countup kb-count-up-103_f8d307-5a kb-count-up\" data-start=\"0\" data-end=\"100\" data-prefix=\"\" data-suffix=\"\" data-duration=\"2.5\" data-separator=\"\"><div class=\"kb-count-up-process kb-count-up-number\"><\/div><div class=\"kb-count-up-title\">Pays<\/div><\/div>\n<\/div><\/div>\n\n<\/div><\/div><\/div><\/div>\n\n\n\n<p class=\"has-contrast-dark-color has-text-color has-link-color has-superbfont-xsmall-font-size wp-elements-2eb5e0859aca9ef16aa73040bfa074c8\">Enfin, Ja\u00e2far est \u00e9galement un investisseur, un formateur en ligne, un&nbsp;<a href=\"https:\/\/www.youtube.com\/channel\/UCPuQqXuqaSLx7hgQVH-S2Sg\/\" target=\"_blank\" rel=\"noreferrer noopener\">vlogger<\/a>&nbsp;et un philanthrope. Ses cours en ligne ont \u00e9t\u00e9 suivis par plus de 1700 \u00e9tudiants de 100 pays. Il utilise les revenus g\u00e9n\u00e9r\u00e9s par ses cours pour supporter l\u2019\u00e9ducation de jeunes enfants d\u00e9favoris\u00e9s.<\/p>\n\n\n\n<h2 class=\"wp-block-heading\">Au service d\u2019une conviction<\/h2>\n\n\n\n<blockquote class=\"wp-block-quote is-style-default is-layout-flow wp-block-quote-is-layout-flow\">\n<p class=\"has-contrast-dark-color has-text-color has-link-color has-superbfont-medium-font-size wp-elements-fd02bc979c376186fd60ff26d5e89222\"><strong>Tout le monde peut avoir une carri\u00e8re exceptionnelle<\/strong><em>, \u00e0 condition de savoir comment s\u2019y prendre et faire le n\u00e9cessaire.<\/em><\/p>\n<cite>Ja\u00e2far TABI<\/cite><\/blockquote>\n\n\n\n<p class=\"has-contrast-dark-color has-text-color has-link-color wp-elements-4f689a88b1be850cbff9be45260be16f\">Ja\u00e2far a eu la chance de rencontrer des personnes exceptionnelles qui l\u2019ont inspir\u00e9 tout au long de sa vie, du jeune gar\u00e7on d\u2019un quartier populaire au cadre dirigeant qu\u2019il est aujourd\u2019hui.&nbsp;<\/p>\n\n\n\n<p class=\"has-contrast-dark-color has-text-color has-link-color wp-elements-bf69219ae1025f778f264fe95910dbfe\">Fort de son exp\u00e9rience, il accompagne celles et ceux qui investissent pour transformer leur potentiel en succ\u00e8s.<\/p>\n","protected":false},"excerpt":{"rendered":"<p>AYNTL \u2013 All You Need To Lead aide les professionnels ambitieux \u00e0 progresser plus vite et r\u00e9ussir dans leurs r\u00f4les de direction g\u00e9n\u00e9rale.&nbsp; Son fondateur et dirigeant, Ja\u00e2far Tabi, est&nbsp;expert en leadership et d\u00e9veloppement personnel&nbsp;et est&nbsp;coach certifi\u00e9 d\u2019Integral Coaching Canada. Il est \u00e9galement dipl\u00f4m\u00e9 de l\u2019Ecole Centrale Paris&nbsp;(ing\u00e9nieur g\u00e9n\u00e9raliste) et d\u2019Harvard Business School&nbsp;(finance). Riche exp\u00e9rience [&hellip;]<\/p>\n","protected":false},"author":1,"featured_media":0,"parent":0,"menu_order":0,"comment_status":"closed","ping_status":"closed","template":"","meta":{"footnotes":""},"class_list":["post-103","page","type-page","status-publish","hentry"],"_links":{"self":[{"href":"https:\/\/www.velcius.fr\/index.php\/wp-json\/wp\/v2\/pages\/103","targetHints":{"allow":["GET"]}}],"collection":[{"href":"https:\/\/www.velcius.fr\/index.php\/wp-json\/wp\/v2\/pages"}],"about":[{"href":"https:\/\/www.velcius.fr\/index.php\/wp-json\/wp\/v2\/types\/page"}],"author":[{"embeddable":true,"href":"https:\/\/www.velcius.fr\/index.php\/wp-json\/wp\/v2\/users\/1"}],"replies":[{"embeddable":true,"href":"https:\/\/www.velcius.fr\/index.php\/wp-json\/wp\/v2\/comments?post=103"}],"version-history":[{"count":26,"href":"https:\/\/www.velcius.fr\/index.php\/wp-json\/wp\/v2\/pages\/103\/revisions"}],"predecessor-version":[{"id":165,"href":"https:\/\/www.velcius.fr\/index.php\/wp-json\/wp\/v2\/pages\/103\/revisions\/165"}],"wp:attachment":[{"href":"https:\/\/www.velcius.fr\/index.php\/wp-json\/wp\/v2\/media?parent=103"}],"curies":[{"name":"wp","href":"https:\/\/api.w.org\/{rel}","templated":true}]}}